{"id":25342,"date":"2025-07-02T10:50:28","date_gmt":"2025-07-02T07:50:28","guid":{"rendered":"https:\/\/new.sofija.lv\/gift-certificates\/"},"modified":"2025-10-26T23:53:40","modified_gmt":"2025-10-26T20:53:40","slug":"davanu-kartes","status":"publish","type":"page","link":"https:\/\/sofija.lv\/lv\/davanu-kartes\/","title":{"rendered":"D\u0101vanu kartes"},"content":{"rendered":"\t\t<div data-elementor-type=\"wp-post\" data-elementor-id=\"25342\" class=\"elementor elementor-25342 elementor-23536\">\n\t\t\t\t\t\t<section class=\"elementor-section elementor-top-section elementor-element elementor-element-c8b6581 elementor-section-boxed elementor-section-height-default elementor-section-height-default sc_fly_static\" data-id=\"c8b6581\" data-element_type=\"section\">\n\t\t\t\t\t\t<div class=\"elementor-container elementor-column-gap-extended\">\n\t\t\t\t\t<div class=\"elementor-column elementor-col-100 elementor-top-column elementor-element elementor-element-91f913a sc_content_align_inherit sc_layouts_column_icons_position_left sc_fly_static\" data-id=\"91f913a\" data-element_type=\"column\">\n\t\t\t<div class=\"elementor-widget-wrap elementor-element-populated\">\n\t\t\t\t\t\t<div class=\"elementor-element elementor-element-def63d5 sc_fly_static elementor-widget elementor-widget-text-editor\" data-id=\"def63d5\" data-element_type=\"widget\" data-widget_type=\"text-editor.default\">\n\t\t\t\t<div class=\"elementor-widget-container\">\n\t\t\t\t\t\t\t\t\t<h4 class=\"title-header\">D\u0101vanu kartes<\/h4><p>M\u0113s ar prieku pied\u0101v\u0101jam Jums d\u0101vanu sertifik\u0101tus uz \u0161\u0101d\u0101m proced\u016br\u0101m &#8211; visp\u0101r\u0113j\u0101 klasisk\u0101 mas\u0101\u017ea, SPA relaks\u0113jo\u0161\u0101 mas\u0101\u017ea, klaisk\u0101 muguras, sporta, aromaterapijas, \u0161okol\u0101des, medus, karsto akme\u0146u, anticelul\u012bta mas\u0101\u017ea probl\u0113mzon\u0101m, ajurv\u0113das Sambahana, ajurv\u0113das \u010campi (pleci, rokas, galva, seja), taizemes p\u0113du Thai mas\u0101\u017ea, havajie\u0161u LOMI-LOMI (ALOHA), Dzi\u013ca Alt\u0101jie\u0161u meridi\u0101nu mas\u0101\u017ea.\u00a0<span id=\"result_box\" class=\"\" lang=\"lv\"><span class=\"\">T\u0101 ir ide\u0101la d\u0101vana, kas visus iepriecin\u0101s: t\u0101 ir jauka, eksotiska, vesel\u012bga, un pats svar\u012bg\u0101kais &#8211; visi m\u016bsu viesi n\u0101k no mums atp\u016b\u0161ies un laim\u012bgi.<\/span><\/span><\/p><p>J\u016bs varat ieg\u0101d\u0101tie d\u0101vanu sertifik\u0101tus salon\u0101 vai ar pieg\u0101di Omniva, vai apmaks\u0101t onlain\u0101 un Jums uz e -pastu atn\u0101ks elektronisk\u0101 veid\u0101 sertifik\u0101ts.<\/p><p>Sertifik\u0101ti ir der\u012bgi 3 m\u0113ne\u0161us. Lai izmantotu d\u0101vanu vajag piezvan\u012bt un pierakst\u012bties uz \u0113rt\u0101ku laiku.<\/p>\t\t\t\t\t\t\t\t<\/div>\n\t\t\t\t<\/div>\n\t\t\t\t\t<\/div>\n\t\t<\/div>\n\t\t\t\t\t<\/div>\n\t\t<\/section>\n\t\t\t\t<section class=\"elementor-section elementor-top-section elementor-element elementor-element-7c59257 elementor-section-boxed elementor-section-height-default elementor-section-height-default sc_fly_static\" data-id=\"7c59257\" data-element_type=\"section\">\n\t\t\t\t\t\t<div class=\"elementor-container elementor-column-gap-extended\">\n\t\t\t\t\t<div class=\"elementor-column elementor-col-100 elementor-top-column elementor-element elementor-element-4c18e70 sc_content_align_inherit sc_layouts_column_icons_position_left sc_fly_static\" data-id=\"4c18e70\" data-element_type=\"column\">\n\t\t\t<div class=\"elementor-widget-wrap elementor-element-populated\">\n\t\t\t\t\t\t<div class=\"elementor-element elementor-element-ee4367e sc_fly_static elementor-widget elementor-widget-spacer\" data-id=\"ee4367e\" data-element_type=\"widget\" data-widget_type=\"spacer.default\">\n\t\t\t\t<div class=\"elementor-widget-container\">\n\t\t\t\t\t\t\t<div class=\"elementor-spacer\">\n\t\t\t<div class=\"elementor-spacer-inner\"><\/div>\n\t\t<\/div>\n\t\t\t\t\t\t<\/div>\n\t\t\t\t<\/div>\n\t\t\t\t\t<\/div>\n\t\t<\/div>\n\t\t\t\t\t<\/div>\n\t\t<\/section>\n\t\t\t\t<section class=\"elementor-section elementor-top-section elementor-element elementor-element-b2f9eab elementor-section-boxed elementor-section-height-default elementor-section-height-default sc_fly_static\" data-id=\"b2f9eab\" data-element_type=\"section\">\n\t\t\t\t\t\t<div class=\"elementor-container elementor-column-gap-extended\">\n\t\t\t\t\t<div class=\"elementor-column elementor-col-100 elementor-top-column elementor-element elementor-element-690f9f1 sc_content_align_inherit sc_layouts_column_icons_position_left sc_fly_static\" data-id=\"690f9f1\" data-element_type=\"column\">\n\t\t\t<div class=\"elementor-widget-wrap elementor-element-populated\">\n\t\t\t\t\t\t<div class=\"elementor-element elementor-element-e4139f0 sc_fly_static elementor-widget elementor-widget-image\" data-id=\"e4139f0\" data-element_type=\"widget\" data-widget_type=\"image.default\">\n\t\t\t\t<div class=\"elementor-widget-container\">\n\t\t\t\t\t\t\t\t\t\t\t\t\t\t\t<img fetchpriority=\"high\" decoding=\"async\" width=\"768\" height=\"366\" src=\"https:\/\/sofija.lv\/wp-content\/uploads\/2025\/07\/sofija_davanu_karte_web-2-768x366.jpg\" class=\"attachment-medium_large size-medium_large wp-image-23539\" alt=\"\" srcset=\"https:\/\/sofija.lv\/wp-content\/uploads\/2025\/07\/sofija_davanu_karte_web-2-768x366.jpg 768w, https:\/\/sofija.lv\/wp-content\/uploads\/2025\/07\/sofija_davanu_karte_web-2-300x143.jpg 300w, https:\/\/sofija.lv\/wp-content\/uploads\/2025\/07\/sofija_davanu_karte_web-2-1024x488.jpg 1024w, https:\/\/sofija.lv\/wp-content\/uploads\/2025\/07\/sofija_davanu_karte_web-2-370x176.jpg 370w, https:\/\/sofija.lv\/wp-content\/uploads\/2025\/07\/sofija_davanu_karte_web-2-840x401.jpg 840w, https:\/\/sofija.lv\/wp-content\/uploads\/2025\/07\/sofija_davanu_karte_web-2-410x196.jpg 410w, https:\/\/sofija.lv\/wp-content\/uploads\/2025\/07\/sofija_davanu_karte_web-2.jpg 1430w\" sizes=\"(max-width: 768px) 100vw, 768px\" \/>\t\t\t\t\t\t\t\t\t\t\t\t\t\t\t<\/div>\n\t\t\t\t<\/div>\n\t\t\t\t\t<\/div>\n\t\t<\/div>\n\t\t\t\t\t<\/div>\n\t\t<\/section>\n\t\t\t\t<section class=\"elementor-section elementor-top-section elementor-element elementor-element-bbc12b6 elementor-section-boxed elementor-section-height-default elementor-section-height-default sc_fly_static\" data-id=\"bbc12b6\" data-element_type=\"section\">\n\t\t\t\t\t\t<div class=\"elementor-container elementor-column-gap-extended\">\n\t\t\t\t\t<div class=\"elementor-column elementor-col-100 elementor-top-column elementor-element elementor-element-88a2770 sc_content_align_inherit sc_layouts_column_icons_position_left sc_fly_static\" data-id=\"88a2770\" data-element_type=\"column\">\n\t\t\t<div class=\"elementor-widget-wrap\">\n\t\t\t\t\t\t\t<\/div>\n\t\t<\/div>\n\t\t\t\t\t<\/div>\n\t\t<\/section>\n\t\t\t\t<section class=\"elementor-section elementor-top-section elementor-element elementor-element-6976cfb elementor-section-boxed elementor-section-height-default elementor-section-height-default sc_fly_static\" data-id=\"6976cfb\" data-element_type=\"section\">\n\t\t\t\t\t\t<div class=\"elementor-container elementor-column-gap-extended\">\n\t\t\t\t\t<div class=\"elementor-column elementor-col-100 elementor-top-column elementor-element elementor-element-0e3f72d sc_content_align_inherit sc_layouts_column_icons_position_left sc_fly_static\" data-id=\"0e3f72d\" data-element_type=\"column\">\n\t\t\t<div class=\"elementor-widget-wrap\">\n\t\t\t\t\t\t\t<\/div>\n\t\t<\/div>\n\t\t\t\t\t<\/div>\n\t\t<\/section>\n\t\t\t\t<\/div>\n\t\t","protected":false},"excerpt":{"rendered":"<p>D\u0101vanu kartes M\u0113s ar prieku pied\u0101v\u0101jam Jums d\u0101vanu sertifik\u0101tus uz \u0161\u0101d\u0101m proced\u016br\u0101m &#8211; visp\u0101r\u0113j\u0101 klasisk\u0101 mas\u0101\u017ea, SPA relaks\u0113jo\u0161\u0101 mas\u0101\u017ea, klaisk\u0101 muguras, sporta, aromaterapijas, \u0161okol\u0101des, medus, karsto akme\u0146u, anticelul\u012bta mas\u0101\u017ea probl\u0113mzon\u0101m,&hellip;<\/p>\n","protected":false},"author":1,"featured_media":0,"parent":0,"menu_order":0,"comment_status":"closed","ping_status":"closed","template":"","meta":{"footnotes":""},"class_list":["post-25342","page","type-page","status-publish","hentry"],"_links":{"self":[{"href":"https:\/\/sofija.lv\/lv\/wp-json\/wp\/v2\/pages\/25342","targetHints":{"allow":["GET"]}}],"collection":[{"href":"https:\/\/sofija.lv\/lv\/wp-json\/wp\/v2\/pages"}],"about":[{"href":"https:\/\/sofija.lv\/lv\/wp-json\/wp\/v2\/types\/page"}],"author":[{"embeddable":true,"href":"https:\/\/sofija.lv\/lv\/wp-json\/wp\/v2\/users\/1"}],"replies":[{"embeddable":true,"href":"https:\/\/sofija.lv\/lv\/wp-json\/wp\/v2\/comments?post=25342"}],"version-history":[{"count":10,"href":"https:\/\/sofija.lv\/lv\/wp-json\/wp\/v2\/pages\/25342\/revisions"}],"predecessor-version":[{"id":25363,"href":"https:\/\/sofija.lv\/lv\/wp-json\/wp\/v2\/pages\/25342\/revisions\/25363"}],"wp:attachment":[{"href":"https:\/\/sofija.lv\/lv\/wp-json\/wp\/v2\/media?parent=25342"}],"curies":[{"name":"wp","href":"https:\/\/api.w.org\/{rel}","templated":true}]}}